{"id":1145,"date":"2021-08-11T14:33:46","date_gmt":"2021-08-11T12:33:46","guid":{"rendered":"https:\/\/physiokonzept-neuruppin.de\/wordpress\/?page_id=1145"},"modified":"2022-01-19T15:43:43","modified_gmt":"2022-01-19T14:43:43","slug":"impressum","status":"publish","type":"page","link":"https:\/\/physiokonzept-neuruppin.de\/?page_id=1145","title":{"rendered":"Impressum"},"content":{"rendered":"\t\t<div data-elementor-type=\"wp-page\" data-elementor-id=\"1145\" class=\"elementor elementor-1145\" data-elementor-settings=\"[]\">\n\t\t\t\t\t\t\t<div class=\"elementor-section-wrap\">\n\t\t\t\t\t\t\t<section class=\"elementor-section elementor-top-section elementor-element elementor-element-63089e4 elementor-section-boxed elementor-section-height-default elementor-section-height-default\" data-id=\"63089e4\" data-element_type=\"section\">\n\t\t\t\t\t\t<div class=\"elementor-container elementor-column-gap-default\">\n\t\t\t\t\t<div class=\"elementor-column elementor-col-100 elementor-top-column elementor-element elementor-element-1d4adee\" data-id=\"1d4adee\" data-element_type=\"column\">\n\t\t\t<div class=\"elementor-widget-wrap elementor-element-populated\">\n\t\t\t\t\t\t\t\t<div class=\"elementor-element elementor-element-cd742d2 elementor-widget elementor-widget-text-editor\" data-id=\"cd742d2\" data-element_type=\"widget\" data-widget_type=\"text-editor.default\">\n\t\t\t\t<div class=\"elementor-widget-container\">\n\t\t\t\t\t\t\t\t<div class=\"impressum\">\n<h1>Impressum<\/h1>\n<p>Angaben gem\u00e4\u00df \u00a7 5 TMG<\/p>\n<p>Sven Staffetius <br>Eisenbahnstra\u00dfe 23<br>16816 Neuruppin <br><\/p>\n<p> <strong>Vertreten durch: <\/strong><br>Sven Staffetius<br><\/p>\n<p><strong>Kontakt:<\/strong> <br>Telefon: 03391-3480005<br>Fax: 03391-3483548<br>E-Mail: <a href=\"mailto:info@physiokonzept-neuruppin.de\">info@physiokonzept-neuruppin.de<\/a><br><\/p>\n<p><strong>Haftungsausschluss: <\/strong><br><br><strong>Haftung f\u00fcr Links<\/strong><br><br>Unser Angebot enth\u00e4lt Links zu externen Webseiten Dritter, auf deren<br>\nInhalte wir keinen Einfluss haben. Deshalb k\u00f6nnen wir f\u00fcr diese fremden<br>\nInhalte auch keine Gew\u00e4hr \u00fcbernehmen. F\u00fcr die Inhalte der verlinkten<br>\nSeiten ist stets der jeweilige Anbieter oder Betreiber der Seiten<br>\nverantwortlich. Die verlinkten Seiten wurden zum Zeitpunkt der<br>\nVerlinkung auf m\u00f6gliche Rechtsverst\u00f6\u00dfe \u00fcberpr\u00fcft. Rechtswidrige Inhalte<br>\nwaren zum Zeitpunkt der Verlinkung nicht erkennbar. Eine permanente<br>\ninhaltliche Kontrolle der verlinkten Seiten ist jedoch ohne konkrete<br>\nAnhaltspunkte einer Rechtsverletzung nicht zumutbar. Bei Bekanntwerden<br>\nvon Rechtsverletzungen werden wir derartige Links umgehend entfernen.<\/p>\n<p><br> <\/p>\n<div id=\"link\">Website Impressum erstellt durch <a href=\"https:\/\/www.impressum-generator.de\">impressum-generator.de<\/a> von der <a href=\"https:\/\/www.kanzlei-hasselbach.de\/\" rel=\"nofollow\">Kanzlei Hasselbach<\/a>\n<\/div>\n<\/div>\t\t\t\t\t\t<\/div>\n\t\t\t\t<\/div>\n\t\t\t\t\t<\/div>\n\t\t<\/div>\n\t\t\t\t\t\t\t<\/div>\n\t\t<\/section>\n\t\t\t\t\t\t<\/div>\n\t\t\t\t\t<\/div>\n\t\t","protected":false},"excerpt":{"rendered":"<p>Impressum Angaben gem\u00e4\u00df \u00a7 5 TMG Sven Staffetius Eisenbahnstra\u00dfe 2316816 Neuruppin Vertreten durch: Sven Staffetius Kontakt: Telefon: 03391-3480005Fax: 03391-3483548E-Mail: info@physiokonzept-neuruppin.de Haftungsausschluss: Haftung f\u00fcr Links Unser Angebot enth\u00e4lt Links zu externen Webseiten Dritter, auf deren Inhalte wir keinen Einfluss haben. Deshalb k\u00f6nnen wir f\u00fcr diese fremden Inhalte auch keine Gew\u00e4hr \u00fcbernehmen. F\u00fcr die Inhalte der verlinkten [&hellip;]<\/p>\n","protected":false},"author":1,"featured_media":0,"parent":0,"menu_order":0,"comment_status":"closed","ping_status":"closed","template":"","meta":[],"_links":{"self":[{"href":"https:\/\/physiokonzept-neuruppin.de\/index.php?rest_route=\/wp\/v2\/pages\/1145"}],"collection":[{"href":"https:\/\/physiokonzept-neuruppin.de\/index.php?rest_route=\/wp\/v2\/pages"}],"about":[{"href":"https:\/\/physiokonzept-neuruppin.de\/index.php?rest_route=\/wp\/v2\/types\/page"}],"author":[{"embeddable":true,"href":"https:\/\/physiokonzept-neuruppin.de\/index.php?rest_route=\/wp\/v2\/users\/1"}],"replies":[{"embeddable":true,"href":"https:\/\/physiokonzept-neuruppin.de\/index.php?rest_route=%2Fwp%2Fv2%2Fcomments&post=1145"}],"version-history":[{"count":7,"href":"https:\/\/physiokonzept-neuruppin.de\/index.php?rest_route=\/wp\/v2\/pages\/1145\/revisions"}],"predecessor-version":[{"id":1307,"href":"https:\/\/physiokonzept-neuruppin.de\/index.php?rest_route=\/wp\/v2\/pages\/1145\/revisions\/1307"}],"wp:attachment":[{"href":"https:\/\/physiokonzept-neuruppin.de\/index.php?rest_route=%2Fwp%2Fv2%2Fmedia&parent=1145"}],"curies":[{"name":"wp","href":"https:\/\/api.w.org\/{rel}","templated":true}]}}